{"id":11006,"date":"2026-02-28T04:21:17","date_gmt":"2026-02-28T04:21:17","guid":{"rendered":"https:\/\/nguewefing.com\/?post_type=product&#038;p=11006"},"modified":"2026-02-28T04:27:08","modified_gmt":"2026-02-28T04:27:08","slug":"generateur-150w","status":"publish","type":"product","link":"https:\/\/nguewefing.com\/fr\/produit\/generateur-150w\/","title":{"rendered":"G\u00e9n\u00e9rateur 150W"},"content":{"rendered":"<h1 data-start=\"134\" data-end=\"160\">G\u00e9n\u00e9rateur solaire 150W<\/h1>\n<p data-start=\"162\" data-end=\"346\">Le <strong data-start=\"165\" data-end=\"192\">g\u00e9n\u00e9rateur solaire 150W<\/strong> est une solution d\u2019\u00e9nergie <strong data-start=\"220\" data-end=\"244\">pratique et portable<\/strong>, id\u00e9ale pour alimenter vos appareils essentiels en toute autonomie, \u00e0 la maison comme en d\u00e9placement.<\/p>\n<h3 data-start=\"348\" data-end=\"366\">Utilisation<\/h3>\n<p>Alimente :<\/p>\n<ul data-start=\"367\" data-end=\"481\">\n<li data-start=\"367\" data-end=\"381\">\n<p data-start=\"369\" data-end=\"381\">T\u00e9l\u00e9viseur<\/p>\n<\/li>\n<li data-start=\"382\" data-end=\"397\">\n<p data-start=\"384\" data-end=\"397\">Ventilateur<\/p>\n<\/li>\n<li data-start=\"398\" data-end=\"421\">\n<p data-start=\"400\" data-end=\"421\">Ordinateur portable<\/p>\n<\/li>\n<li data-start=\"422\" data-end=\"434\">\n<p data-start=\"424\" data-end=\"434\">Ampoules<\/p>\n<\/li>\n<li data-start=\"435\" data-end=\"481\">\n<p data-start=\"437\" data-end=\"481\">Recharge de t\u00e9l\u00e9phones et petits appareils<\/p>\n<\/li>\n<\/ul>\n<h3 data-start=\"483\" data-end=\"506\">Caract\u00e9ristiques<\/h3>\n<ul data-start=\"507\" data-end=\"674\">\n<li data-start=\"507\" data-end=\"531\">\n<p data-start=\"509\" data-end=\"531\"><strong data-start=\"509\" data-end=\"524\">Puissance :<\/strong> 150W<\/p>\n<\/li>\n<li data-start=\"532\" data-end=\"626\">\n<p data-start=\"534\" data-end=\"550\"><strong data-start=\"534\" data-end=\"548\">Recharge :<\/strong><\/p>\n<ul data-start=\"553\" data-end=\"626\">\n<li data-start=\"553\" data-end=\"581\">\n<p data-start=\"555\" data-end=\"581\">sur <strong data-start=\"559\" data-end=\"579\">prise de secteur<\/strong><\/p>\n<\/li>\n<li data-start=\"584\" data-end=\"626\">\n<p data-start=\"586\" data-end=\"626\">via <strong data-start=\"590\" data-end=\"624\">panneau solaire (100W maximum)<\/strong><\/p>\n<\/li>\n<\/ul>\n<\/li>\n<li data-start=\"627\" data-end=\"674\">\n<p data-start=\"629\" data-end=\"674\"><strong data-start=\"629\" data-end=\"649\">Fonctionnement :<\/strong> autonome et \u00e9conomique<\/p>\n<\/li>\n<\/ul>\n<h4 data-start=\"708\" data-end=\"724\">Id\u00e9al pour maisons, boutiques, bureaux, d\u00e9placements, zones sans \u00e9lectricit\u00e9 ou coupures fr\u00e9quentes.<\/h4>\n","protected":false},"excerpt":{"rendered":"<p>G\u00e9n\u00e9rateur solaire 150W Le g\u00e9n\u00e9rateur solaire 150W est une solution d\u2019\u00e9nergie pratique et portable, id\u00e9ale pour alimenter vos appareils essentiels<\/p>\n","protected":false},"featured_media":11007,"comment_status":"open","ping_status":"closed","template":"","meta":[],"product_brand":[],"product_cat":[359],"product_tag":[],"class_list":{"0":"post-11006","1":"product","2":"type-product","3":"status-publish","4":"has-post-thumbnail","6":"product_cat-generateurs-solaires","8":"first","9":"instock","10":"featured","11":"shipping-taxable","12":"purchasable","13":"product-type-simple"},"_links":{"self":[{"href":"https:\/\/nguewefing.com\/fr\/wp-json\/wp\/v2\/product\/11006","targetHints":{"allow":["GET"]}}],"collection":[{"href":"https:\/\/nguewefing.com\/fr\/wp-json\/wp\/v2\/product"}],"about":[{"href":"https:\/\/nguewefing.com\/fr\/wp-json\/wp\/v2\/types\/product"}],"replies":[{"embeddable":true,"href":"https:\/\/nguewefing.com\/fr\/wp-json\/wp\/v2\/comments?post=11006"}],"wp:featuredmedia":[{"embeddable":true,"href":"https:\/\/nguewefing.com\/fr\/wp-json\/wp\/v2\/media\/11007"}],"wp:attachment":[{"href":"https:\/\/nguewefing.com\/fr\/wp-json\/wp\/v2\/media?parent=11006"}],"wp:term":[{"taxonomy":"product_brand","embeddable":true,"href":"https:\/\/nguewefing.com\/fr\/wp-json\/wp\/v2\/product_brand?post=11006"},{"taxonomy":"product_cat","embeddable":true,"href":"https:\/\/nguewefing.com\/fr\/wp-json\/wp\/v2\/product_cat?post=11006"},{"taxonomy":"product_tag","embeddable":true,"href":"https:\/\/nguewefing.com\/fr\/wp-json\/wp\/v2\/product_tag?post=11006"}],"curies":[{"name":"wp","href":"https:\/\/api.w.org\/{rel}","templated":true}]}}