{"id":10971,"date":"2026-01-27T16:01:51","date_gmt":"2026-01-27T16:01:51","guid":{"rendered":"https:\/\/nguewefing.com\/?post_type=product&#038;p=10971"},"modified":"2026-02-28T03:28:57","modified_gmt":"2026-02-28T03:28:57","slug":"lampadaire-solaire-600w-2-en-1","status":"publish","type":"product","link":"https:\/\/nguewefing.com\/fr\/produit\/lampadaire-solaire-600w-2-en-1\/","title":{"rendered":"Lampadaire solaire 600W 2 en 1"},"content":{"rendered":"<h1 data-start=\"151\" data-end=\"186\">Lampadaire solaire 600W \u2013 2 en 1<\/h1>\n<p data-start=\"188\" data-end=\"361\">Le <strong data-start=\"191\" data-end=\"225\">lampadaire solaire 600W 2 en 1<\/strong> est une solution d\u2019\u00e9clairage ext\u00e9rieur <strong data-start=\"265\" data-end=\"305\">intelligente, autonome et r\u00e9sistante<\/strong>, con\u00e7ue pour fonctionner efficacement sans \u00e9lectricit\u00e9.<\/p>\n<h3 data-start=\"363\" data-end=\"398\">Caract\u00e9ristiques principales<\/h3>\n<ul data-start=\"399\" data-end=\"741\">\n<li data-start=\"399\" data-end=\"423\">\n<p data-start=\"401\" data-end=\"423\"><strong data-start=\"401\" data-end=\"416\">Puissance :<\/strong> 600W<\/p>\n<\/li>\n<li data-start=\"776\" data-end=\"814\">\n<p data-start=\"778\" data-end=\"814\"><strong data-start=\"778\" data-end=\"800\">Source lumineuse :<\/strong> LED blanche<\/p>\n<\/li>\n<li data-start=\"815\" data-end=\"863\">\n<p data-start=\"817\" data-end=\"863\"><strong data-start=\"817\" data-end=\"838\">Temps de charge :<\/strong> 4 \u00e0 6 heures au soleil<\/p>\n<\/li>\n<li data-start=\"864\" data-end=\"921\">\n<p data-start=\"866\" data-end=\"921\"><strong data-start=\"866\" data-end=\"881\">Autonomie :<\/strong> jusqu\u2019\u00e0 12 heures d\u2019\u00e9clairage continu<\/p>\n<\/li>\n<li data-start=\"424\" data-end=\"574\">\n<p data-start=\"426\" data-end=\"454\"><strong data-start=\"426\" data-end=\"452\">Contr\u00f4le intelligent : <\/strong>capteur de lumi\u00e8re int\u00e9gr\u00e9 pour une charge automatique en journ\u00e9e et r\u00e9glage de la luminosit\u00e9 via t\u00e9l\u00e9commande<\/p>\n<\/li>\n<li data-start=\"575\" data-end=\"675\">\n<p data-start=\"577\" data-end=\"606\"><strong data-start=\"577\" data-end=\"604\">Allumage \/ Extinction : <\/strong>automatique (nuit \/ jour)<\/p>\n<\/li>\n<li data-start=\"676\" data-end=\"741\">\n<p data-start=\"678\" data-end=\"741\"><strong data-start=\"678\" data-end=\"694\">\u00c9tanch\u00e9it\u00e9 :<\/strong> IP65 (r\u00e9sistant \u00e0 la pluie et aux intemp\u00e9ries)<\/p>\n<\/li>\n<\/ul>\n<h3 data-start=\"923\" data-end=\"948\">Accessoires inclus<\/h3>\n<ul data-start=\"949\" data-end=\"1028\">\n<li data-start=\"949\" data-end=\"968\">\n<p data-start=\"951\" data-end=\"968\">Panneau solaire<\/p>\n<\/li>\n<li data-start=\"969\" data-end=\"978\">\n<p data-start=\"971\" data-end=\"978\">Lampe<\/p>\n<\/li>\n<li data-start=\"979\" data-end=\"1011\">\n<p data-start=\"981\" data-end=\"1011\">Bras de fixation et visserie<\/p>\n<\/li>\n<li data-start=\"1012\" data-end=\"1028\">\n<p data-start=\"1014\" data-end=\"1028\">T\u00e9l\u00e9commande<\/p>\n<\/li>\n<\/ul>\n<p data-start=\"1030\" data-end=\"1046\"><strong>Id\u00e9al pour Cours, routes, parkings, entr\u00e9es, espaces r\u00e9sidentiels et professionnels.<\/strong><\/p>\n","protected":false},"excerpt":{"rendered":"<p>Lampadaire solaire 600W 2 en 1. \u00c9clairage publique, \u00e9clairage de votre cour ou votre rue, quartier, village&#8230; Il saura vous donner de l&rsquo;\u00e9clairage de qualit\u00e9 pendant plusieurs ann\u00e9es toutes les nuits. Imperm\u00e9able \u00e0 l&rsquo;eau et \u00e0 la poussi\u00e8re.<\/p>\n","protected":false},"featured_media":10969,"comment_status":"open","ping_status":"closed","template":"","meta":[],"product_brand":[],"product_cat":[362],"product_tag":[],"class_list":{"0":"post-10971","1":"product","2":"type-product","3":"status-publish","4":"has-post-thumbnail","6":"product_cat-lampadaires-solaires","8":"first","9":"instock","10":"sale","11":"shipping-taxable","12":"purchasable","13":"product-type-simple"},"_links":{"self":[{"href":"https:\/\/nguewefing.com\/fr\/wp-json\/wp\/v2\/product\/10971","targetHints":{"allow":["GET"]}}],"collection":[{"href":"https:\/\/nguewefing.com\/fr\/wp-json\/wp\/v2\/product"}],"about":[{"href":"https:\/\/nguewefing.com\/fr\/wp-json\/wp\/v2\/types\/product"}],"replies":[{"embeddable":true,"href":"https:\/\/nguewefing.com\/fr\/wp-json\/wp\/v2\/comments?post=10971"}],"wp:featuredmedia":[{"embeddable":true,"href":"https:\/\/nguewefing.com\/fr\/wp-json\/wp\/v2\/media\/10969"}],"wp:attachment":[{"href":"https:\/\/nguewefing.com\/fr\/wp-json\/wp\/v2\/media?parent=10971"}],"wp:term":[{"taxonomy":"product_brand","embeddable":true,"href":"https:\/\/nguewefing.com\/fr\/wp-json\/wp\/v2\/product_brand?post=10971"},{"taxonomy":"product_cat","embeddable":true,"href":"https:\/\/nguewefing.com\/fr\/wp-json\/wp\/v2\/product_cat?post=10971"},{"taxonomy":"product_tag","embeddable":true,"href":"https:\/\/nguewefing.com\/fr\/wp-json\/wp\/v2\/product_tag?post=10971"}],"curies":[{"name":"wp","href":"https:\/\/api.w.org\/{rel}","templated":true}]}}