{"id":10786,"date":"2025-08-02T07:59:15","date_gmt":"2025-08-02T07:59:15","guid":{"rendered":"https:\/\/nguewefing.com\/?post_type=product&#038;p=10786"},"modified":"2026-02-21T19:50:39","modified_gmt":"2026-02-21T19:50:39","slug":"batterie-solaire-12v-200ah","status":"publish","type":"product","link":"https:\/\/nguewefing.com\/fr\/produit\/batterie-solaire-12v-200ah\/","title":{"rendered":"Batt\u00e9rie solaire 12V 200AH"},"content":{"rendered":"<p><\/p>\n","protected":false},"excerpt":{"rendered":"<p>Cette batterie 12V 200Ah utilise la technologie LiFePo4 (Lithium Fer Phosphate) et offre une capacit\u00e9 de stockage de 2560 Wh avec une longue dur\u00e9e allant jusqu&rsquo;\u00e0 6000 cycles. Supporte des d\u00e9charges profondes \u00e0 100% sans dommage. De meilleurs qualit\u00e9 que les batteries en Gel. Id\u00e9al pour le solaire, camping-cars, bateaux etc &#8230;<\/p>\n","protected":false},"featured_media":10594,"comment_status":"open","ping_status":"closed","template":"","meta":[],"product_brand":[],"product_cat":[114,366],"product_tag":[],"class_list":{"0":"post-10786","1":"product","2":"type-product","3":"status-publish","4":"has-post-thumbnail","6":"product_cat-batteries-solaires","7":"product_cat-lithium","9":"first","10":"instock","11":"sale","12":"featured","13":"shipping-taxable","14":"purchasable","15":"product-type-simple"},"_links":{"self":[{"href":"https:\/\/nguewefing.com\/fr\/wp-json\/wp\/v2\/product\/10786","targetHints":{"allow":["GET"]}}],"collection":[{"href":"https:\/\/nguewefing.com\/fr\/wp-json\/wp\/v2\/product"}],"about":[{"href":"https:\/\/nguewefing.com\/fr\/wp-json\/wp\/v2\/types\/product"}],"replies":[{"embeddable":true,"href":"https:\/\/nguewefing.com\/fr\/wp-json\/wp\/v2\/comments?post=10786"}],"wp:featuredmedia":[{"embeddable":true,"href":"https:\/\/nguewefing.com\/fr\/wp-json\/wp\/v2\/media\/10594"}],"wp:attachment":[{"href":"https:\/\/nguewefing.com\/fr\/wp-json\/wp\/v2\/media?parent=10786"}],"wp:term":[{"taxonomy":"product_brand","embeddable":true,"href":"https:\/\/nguewefing.com\/fr\/wp-json\/wp\/v2\/product_brand?post=10786"},{"taxonomy":"product_cat","embeddable":true,"href":"https:\/\/nguewefing.com\/fr\/wp-json\/wp\/v2\/product_cat?post=10786"},{"taxonomy":"product_tag","embeddable":true,"href":"https:\/\/nguewefing.com\/fr\/wp-json\/wp\/v2\/product_tag?post=10786"}],"curies":[{"name":"wp","href":"https:\/\/api.w.org\/{rel}","templated":true}]}}