{"id":10620,"date":"2025-07-26T15:22:07","date_gmt":"2025-07-26T15:22:07","guid":{"rendered":"https:\/\/nguewefing.com\/?post_type=product&#038;p=10620"},"modified":"2026-02-28T04:12:55","modified_gmt":"2026-02-28T04:12:55","slug":"lampadaire-solaire-300w-2","status":"publish","type":"product","link":"https:\/\/nguewefing.com\/fr\/produit\/lampadaire-solaire-300w-2\/","title":{"rendered":"Lampadaire solaire double face 300W"},"content":{"rendered":"<h1 data-start=\"150\" data-end=\"190\">Lampadaire solaire double face 300W<\/h1>\n<p data-start=\"230\" data-end=\"405\">Le <strong data-start=\"233\" data-end=\"272\">lampadaire solaire double face 300W<\/strong> offre un \u00e9clairage <strong data-start=\"292\" data-end=\"327\">ultra-performant et intelligent<\/strong>, id\u00e9al pour couvrir de grands espaces gr\u00e2ce \u00e0 son syst\u00e8me <strong data-start=\"386\" data-end=\"404\">bidirectionnel<\/strong>.<\/p>\n<h3 data-start=\"407\" data-end=\"442\">Caract\u00e9ristiques principales<\/h3>\n<ul data-start=\"443\" data-end=\"804\">\n<li data-start=\"443\" data-end=\"517\">\n<p data-start=\"445\" data-end=\"517\"><strong data-start=\"445\" data-end=\"487\">Double face (\u00e9clairage bidirectionnel)<\/strong> avec d\u00e9tecteur de mouvement<\/p>\n<\/li>\n<li data-start=\"518\" data-end=\"584\">\n<p data-start=\"520\" data-end=\"584\"><strong data-start=\"520\" data-end=\"535\">Puissance :<\/strong> 300W \u00d7 2 (\u00e9quivalent \u00e0 deux lampadaires en un)<\/p>\n<\/li>\n<li data-start=\"585\" data-end=\"636\">\n<p data-start=\"587\" data-end=\"636\"><strong data-start=\"587\" data-end=\"611\">Allumage automatique<\/strong> \u00e0 la tomb\u00e9e de la nuit<\/p>\n<\/li>\n<li data-start=\"637\" data-end=\"698\">\n<p data-start=\"639\" data-end=\"698\"><strong data-start=\"639\" data-end=\"654\">Autonomie :<\/strong> jusqu\u2019\u00e0 50 heures apr\u00e8s recharge compl\u00e8te<\/p>\n<\/li>\n<li data-start=\"699\" data-end=\"752\">\n<p data-start=\"701\" data-end=\"752\"><strong data-start=\"701\" data-end=\"724\">Angle d\u2019\u00e9clairage :<\/strong> couverture \u00e9tendue \u00e0 180\u00b0<\/p>\n<\/li>\n<li data-start=\"753\" data-end=\"804\">\n<p data-start=\"755\" data-end=\"804\"><strong data-start=\"755\" data-end=\"778\">Installation facile<\/strong> (bras de fixation inclus)<\/p>\n<\/li>\n<li data-start=\"753\" data-end=\"804\">\n<p data-start=\"755\" data-end=\"804\">Livraison, exp\u00e9dition ou installation <strong data-start=\"982\" data-end=\"1005\">aux frais du client<\/strong><\/p>\n<\/li>\n<li data-start=\"753\" data-end=\"804\">\n<p data-start=\"755\" data-end=\"804\"><strong data-start=\"1025\" data-end=\"1047\">06 mois de garantie<\/strong><\/p>\n<\/li>\n<\/ul>\n<h3 data-start=\"806\" data-end=\"827\">Fonctionnement<\/h3>\n<ul data-start=\"828\" data-end=\"908\">\n<li data-start=\"828\" data-end=\"884\">\n<p data-start=\"830\" data-end=\"884\">R\u00e9glages effectu\u00e9s <strong data-start=\"849\" data-end=\"882\">directement sur le lampadaire<\/strong><\/p>\n<\/li>\n<li data-start=\"885\" data-end=\"908\">\n<p data-start=\"887\" data-end=\"908\">Pas de t\u00e9l\u00e9commande<\/p>\n<\/li>\n<\/ul>\n<h3>Accessoires inclus :<\/h3>\n<ul data-start=\"1133\" data-end=\"1192\">\n<li data-start=\"1133\" data-end=\"1153\">\n<p data-start=\"1135\" data-end=\"1153\">Bras de fixation<\/p>\n<\/li>\n<li data-start=\"1154\" data-end=\"1175\">\n<p data-start=\"1156\" data-end=\"1175\">Visserie compl\u00e8te<\/p>\n<\/li>\n<\/ul>\n<h4 data-start=\"1124\" data-end=\"1140\">Id\u00e9al pour routes, parkings, cours, entreprises, quartiers, espaces publics et zones \u00e0 large couverture.<\/h4>\n","protected":false},"excerpt":{"rendered":"<p>Lampadaire solaire double face 300W Le lampadaire solaire double face 300W offre un \u00e9clairage ultra-performant et intelligent, id\u00e9al pour couvrir<\/p>\n","protected":false},"featured_media":11002,"comment_status":"open","ping_status":"closed","template":"","meta":[],"product_brand":[],"product_cat":[362],"product_tag":[],"class_list":{"0":"post-10620","1":"product","2":"type-product","3":"status-publish","4":"has-post-thumbnail","6":"product_cat-lampadaires-solaires","8":"first","9":"instock","10":"sale","11":"shipping-taxable","12":"purchasable","13":"product-type-simple"},"_links":{"self":[{"href":"https:\/\/nguewefing.com\/fr\/wp-json\/wp\/v2\/product\/10620","targetHints":{"allow":["GET"]}}],"collection":[{"href":"https:\/\/nguewefing.com\/fr\/wp-json\/wp\/v2\/product"}],"about":[{"href":"https:\/\/nguewefing.com\/fr\/wp-json\/wp\/v2\/types\/product"}],"replies":[{"embeddable":true,"href":"https:\/\/nguewefing.com\/fr\/wp-json\/wp\/v2\/comments?post=10620"}],"wp:featuredmedia":[{"embeddable":true,"href":"https:\/\/nguewefing.com\/fr\/wp-json\/wp\/v2\/media\/11002"}],"wp:attachment":[{"href":"https:\/\/nguewefing.com\/fr\/wp-json\/wp\/v2\/media?parent=10620"}],"wp:term":[{"taxonomy":"product_brand","embeddable":true,"href":"https:\/\/nguewefing.com\/fr\/wp-json\/wp\/v2\/product_brand?post=10620"},{"taxonomy":"product_cat","embeddable":true,"href":"https:\/\/nguewefing.com\/fr\/wp-json\/wp\/v2\/product_cat?post=10620"},{"taxonomy":"product_tag","embeddable":true,"href":"https:\/\/nguewefing.com\/fr\/wp-json\/wp\/v2\/product_tag?post=10620"}],"curies":[{"name":"wp","href":"https:\/\/api.w.org\/{rel}","templated":true}]}}