{"id":10608,"date":"2025-07-26T04:12:09","date_gmt":"2025-07-26T04:12:09","guid":{"rendered":"https:\/\/nguewefing.com\/?post_type=product&#038;p=10608"},"modified":"2026-02-28T04:19:48","modified_gmt":"2026-02-28T04:19:48","slug":"projecteur-solaire-300w","status":"publish","type":"product","link":"https:\/\/nguewefing.com\/fr\/produit\/projecteur-solaire-300w\/","title":{"rendered":"Projecteur solaire 300W"},"content":{"rendered":"<h1 data-start=\"134\" data-end=\"162\">Projecteur solaire 300W<\/h1>\n<p data-start=\"202\" data-end=\"394\">Le <strong data-start=\"205\" data-end=\"232\">projecteur solaire 300W<\/strong> est une solution d\u2019\u00e9clairage <strong data-start=\"262\" data-end=\"299\">puissante, autonome et \u00e9conomique<\/strong>, con\u00e7ue pour illuminer efficacement vos espaces <strong data-start=\"348\" data-end=\"376\">int\u00e9rieurs et ext\u00e9rieurs<\/strong> sans \u00e9lectricit\u00e9.<\/p>\n<h3 data-start=\"396\" data-end=\"419\">Caract\u00e9ristiques<\/h3>\n<ul data-start=\"420\" data-end=\"657\">\n<li data-start=\"420\" data-end=\"444\">\n<p data-start=\"422\" data-end=\"444\"><strong data-start=\"422\" data-end=\"437\">Puissance :<\/strong> 300W<\/p>\n<\/li>\n<li data-start=\"445\" data-end=\"502\">\n<p data-start=\"447\" data-end=\"502\"><strong data-start=\"447\" data-end=\"462\">Autonomie :<\/strong> jusqu\u2019\u00e0 15 heures d\u2019\u00e9clairage continu<\/p>\n<\/li>\n<li data-start=\"503\" data-end=\"561\">\n<p data-start=\"505\" data-end=\"561\"><strong data-start=\"505\" data-end=\"532\">Allumage \/ extinction :<\/strong> automatiques (nuit \/ jour)<\/p>\n<\/li>\n<li data-start=\"562\" data-end=\"612\">\n<p data-start=\"564\" data-end=\"612\"><strong data-start=\"564\" data-end=\"584\">Fonctionnement :<\/strong> solaire, sans branchement<\/p>\n<\/li>\n<li data-start=\"613\" data-end=\"657\">\n<p data-start=\"615\" data-end=\"657\"><strong data-start=\"615\" data-end=\"632\">Utilisation :<\/strong> int\u00e9rieur et ext\u00e9rieur<\/p>\n<\/li>\n<li data-start=\"675\" data-end=\"699\">\n<p data-start=\"677\" data-end=\"699\"><strong data-start=\"677\" data-end=\"699\">06 mois de garantie<\/strong><\/p>\n<\/li>\n<\/ul>\n<h3>Accessoires inclus :<\/h3>\n<ul data-start=\"1133\" data-end=\"1192\">\n<li data-start=\"1133\" data-end=\"1153\">\n<p data-start=\"1135\" data-end=\"1153\">Lampe 300W<\/p>\n<\/li>\n<li data-start=\"1133\" data-end=\"1153\">Panneau solaire<\/li>\n<li data-start=\"1154\" data-end=\"1175\">\n<p data-start=\"1156\" data-end=\"1175\">Visserie compl\u00e8te<\/p>\n<\/li>\n<li data-start=\"1176\" data-end=\"1192\">\n<p data-start=\"1178\" data-end=\"1192\">T\u00e9l\u00e9commande<\/p>\n<\/li>\n<\/ul>\n<h4 data-start=\"776\" data-end=\"792\">Id\u00e9al pour cours, fa\u00e7ades, fermes, entr\u00e9es d\u2019h\u00f4tels, snacks, boutiques et espaces int\u00e9rieurs.<\/h4>\n","protected":false},"excerpt":{"rendered":"<p>Projecteur solaire 300W Le projecteur solaire 300W est une solution d\u2019\u00e9clairage puissante, autonome et \u00e9conomique, con\u00e7ue pour illuminer efficacement vos<\/p>\n","protected":false},"featured_media":10609,"comment_status":"open","ping_status":"closed","template":"","meta":[],"product_brand":[],"product_cat":[357],"product_tag":[],"class_list":{"0":"post-10608","1":"product","2":"type-product","3":"status-publish","4":"has-post-thumbnail","6":"product_cat-projecteurs-solaires","8":"first","9":"instock","10":"sale","11":"shipping-taxable","12":"purchasable","13":"product-type-simple"},"_links":{"self":[{"href":"https:\/\/nguewefing.com\/fr\/wp-json\/wp\/v2\/product\/10608","targetHints":{"allow":["GET"]}}],"collection":[{"href":"https:\/\/nguewefing.com\/fr\/wp-json\/wp\/v2\/product"}],"about":[{"href":"https:\/\/nguewefing.com\/fr\/wp-json\/wp\/v2\/types\/product"}],"replies":[{"embeddable":true,"href":"https:\/\/nguewefing.com\/fr\/wp-json\/wp\/v2\/comments?post=10608"}],"wp:featuredmedia":[{"embeddable":true,"href":"https:\/\/nguewefing.com\/fr\/wp-json\/wp\/v2\/media\/10609"}],"wp:attachment":[{"href":"https:\/\/nguewefing.com\/fr\/wp-json\/wp\/v2\/media?parent=10608"}],"wp:term":[{"taxonomy":"product_brand","embeddable":true,"href":"https:\/\/nguewefing.com\/fr\/wp-json\/wp\/v2\/product_brand?post=10608"},{"taxonomy":"product_cat","embeddable":true,"href":"https:\/\/nguewefing.com\/fr\/wp-json\/wp\/v2\/product_cat?post=10608"},{"taxonomy":"product_tag","embeddable":true,"href":"https:\/\/nguewefing.com\/fr\/wp-json\/wp\/v2\/product_tag?post=10608"}],"curies":[{"name":"wp","href":"https:\/\/api.w.org\/{rel}","templated":true}]}}