{"id":10607,"date":"2025-07-26T04:09:27","date_gmt":"2025-07-26T04:09:27","guid":{"rendered":"https:\/\/nguewefing.com\/?post_type=product&#038;p=10607"},"modified":"2026-03-28T14:39:31","modified_gmt":"2026-03-28T14:39:31","slug":"lampadaire-solaire-1000w","status":"publish","type":"product","link":"https:\/\/nguewefing.com\/fr\/produit\/lampadaire-solaire-1000w\/","title":{"rendered":"Lampadaire solaire 1000W"},"content":{"rendered":"<p>C&rsquo;est un lampadaire solaire tout en 1 (panneau solaire incorpor\u00e9) standard 1000W optimis\u00e9 pour l&rsquo;\u00e9clairage de votre cours, jardin etc&#8230; Il est resistant \u00e0 la pluie, la poussi\u00e8re (IP66). Avec \u00e9clairage par d\u00e9tecteur de mouvement. Autonomie allant de 8-12h. Vendu avec son bras de fixation.<\/p>\n","protected":false},"excerpt":{"rendered":"<p>C&rsquo;est un lampadaire solaire tout en 1 (panneau solaire incorpor\u00e9) standard 1000W optimis\u00e9 pour l&rsquo;\u00e9clairage de votre cours, jardin etc&#8230;<\/p>\n","protected":false},"featured_media":10606,"comment_status":"open","ping_status":"closed","template":"","meta":[],"product_brand":[],"product_cat":[362],"product_tag":[],"class_list":{"0":"post-10607","1":"product","2":"type-product","3":"status-publish","4":"has-post-thumbnail","6":"product_cat-lampadaires-solaires","8":"first","9":"instock","10":"sale","11":"purchasable","12":"product-type-simple"},"_links":{"self":[{"href":"https:\/\/nguewefing.com\/fr\/wp-json\/wp\/v2\/product\/10607","targetHints":{"allow":["GET"]}}],"collection":[{"href":"https:\/\/nguewefing.com\/fr\/wp-json\/wp\/v2\/product"}],"about":[{"href":"https:\/\/nguewefing.com\/fr\/wp-json\/wp\/v2\/types\/product"}],"replies":[{"embeddable":true,"href":"https:\/\/nguewefing.com\/fr\/wp-json\/wp\/v2\/comments?post=10607"}],"wp:featuredmedia":[{"embeddable":true,"href":"https:\/\/nguewefing.com\/fr\/wp-json\/wp\/v2\/media\/10606"}],"wp:attachment":[{"href":"https:\/\/nguewefing.com\/fr\/wp-json\/wp\/v2\/media?parent=10607"}],"wp:term":[{"taxonomy":"product_brand","embeddable":true,"href":"https:\/\/nguewefing.com\/fr\/wp-json\/wp\/v2\/product_brand?post=10607"},{"taxonomy":"product_cat","embeddable":true,"href":"https:\/\/nguewefing.com\/fr\/wp-json\/wp\/v2\/product_cat?post=10607"},{"taxonomy":"product_tag","embeddable":true,"href":"https:\/\/nguewefing.com\/fr\/wp-json\/wp\/v2\/product_tag?post=10607"}],"curies":[{"name":"wp","href":"https:\/\/api.w.org\/{rel}","templated":true}]}}