{"id":1574,"date":"2022-06-02T14:48:39","date_gmt":"2022-06-02T14:48:39","guid":{"rendered":"http:\/\/dummy.xtemos.com\/woodmart2\/megamarket\/?post_type=product&#038;p=1574"},"modified":"2026-02-21T21:16:10","modified_gmt":"2026-02-21T21:16:10","slug":"ai-solar-camera-lighting-450w","status":"publish","type":"product","link":"https:\/\/nguewefing.com\/en\/product\/ai-solar-camera-lighting-450w\/","title":{"rendered":"Lampadaire Solaire avec Camera 450W"},"content":{"rendered":"<p>Ce lampadaire solaire 3 en 1 de 450W est con\u00e7u pour vous offrir de la lumi\u00e8re gratuite toute la nuit tout en filmant votre maison gr\u00e2ce \u00e0 sa cam\u00e9ra int\u00e9gr\u00e9e. Gr\u00e2ce \u00e0 une application t\u00e9l\u00e9chargeable sur Playstor ou Apple store controlez et surveillez votre maison \u00e0 distance&#8230;.<\/p>","protected":false},"excerpt":{"rendered":"<p>Ce lampadaire solaire 3 en 1 de 450W est con\u00e7u pour vous offrir de la lumi\u00e8re gratuite toute la nuit<\/p>","protected":false},"featured_media":10572,"comment_status":"open","ping_status":"closed","template":"","meta":[],"product_brand":[],"product_cat":[356,362,77],"product_tag":[],"class_list":{"0":"post-1574","1":"product","2":"type-product","3":"status-publish","4":"has-post-thumbnail","6":"product_cat-cameras-solaires","7":"product_cat-lampadaires-solaires","8":"product_cat-uncategorized","10":"first","11":"instock","12":"sale","13":"featured","14":"shipping-taxable","15":"purchasable","16":"product-type-simple"},"_links":{"self":[{"href":"https:\/\/nguewefing.com\/en\/wp-json\/wp\/v2\/product\/1574","targetHints":{"allow":["GET"]}}],"collection":[{"href":"https:\/\/nguewefing.com\/en\/wp-json\/wp\/v2\/product"}],"about":[{"href":"https:\/\/nguewefing.com\/en\/wp-json\/wp\/v2\/types\/product"}],"replies":[{"embeddable":true,"href":"https:\/\/nguewefing.com\/en\/wp-json\/wp\/v2\/comments?post=1574"}],"wp:featuredmedia":[{"embeddable":true,"href":"https:\/\/nguewefing.com\/en\/wp-json\/wp\/v2\/media\/10572"}],"wp:attachment":[{"href":"https:\/\/nguewefing.com\/en\/wp-json\/wp\/v2\/media?parent=1574"}],"wp:term":[{"taxonomy":"product_brand","embeddable":true,"href":"https:\/\/nguewefing.com\/en\/wp-json\/wp\/v2\/product_brand?post=1574"},{"taxonomy":"product_cat","embeddable":true,"href":"https:\/\/nguewefing.com\/en\/wp-json\/wp\/v2\/product_cat?post=1574"},{"taxonomy":"product_tag","embeddable":true,"href":"https:\/\/nguewefing.com\/en\/wp-json\/wp\/v2\/product_tag?post=1574"}],"curies":[{"name":"wp","href":"https:\/\/api.w.org\/{rel}","templated":true}]}}