{"id":10888,"date":"2025-08-23T08:33:49","date_gmt":"2025-08-23T08:33:49","guid":{"rendered":"https:\/\/nguewefing.com\/?post_type=product&#038;p=10888"},"modified":"2026-02-28T03:30:09","modified_gmt":"2026-02-28T03:30:09","slug":"lampadaire-solaire-1500w","status":"publish","type":"product","link":"https:\/\/nguewefing.com\/en\/product\/lampadaire-solaire-1500w\/","title":{"rendered":"Lampadaire solaire 1500W"},"content":{"rendered":"<h1><strong>Lampadaire solaire 1500W \u2013 Tout-en-un<\/strong><\/h1>\n<p>Le lampadaire solaire 1500W tout-en-un offre un \u00e9clairage ext\u00e9rieur puissant, autonome et intelligent, sans aucun branchement \u00e9lectrique. Une solution fiable pour s\u00e9curiser et illuminer vos espaces jour et nuit. Il poss\u00e8de 3 modes d&rsquo;\u00e9clairage parmis lequel l&rsquo;\u00e9clairage continue. Sur son \u00e9cran, vous pouvez voir \u00e0 tout moment le niveau de batterie.<\/p>\n<h3>Caract\u00e9ristiques :<\/h3>\n<ul>\n<li data-start=\"455\" data-end=\"480\">\n<p data-start=\"457\" data-end=\"480\"><strong data-start=\"457\" data-end=\"472\">Puissance :<\/strong> 1500W<\/p>\n<\/li>\n<li data-start=\"481\" data-end=\"523\">\n<p data-start=\"483\" data-end=\"523\"><strong data-start=\"483\" data-end=\"498\">Autonomie :<\/strong> 10 \u00e0 12 heures et plus<\/p>\n<\/li>\n<li data-start=\"524\" data-end=\"606\">\n<p data-start=\"526\" data-end=\"606\"><strong data-start=\"526\" data-end=\"553\">Allumage \/ Extinction :<\/strong> automatique (nuit\/jour)<\/p>\n<\/li>\n<li data-start=\"607\" data-end=\"708\">\n<p data-start=\"609\" data-end=\"634\"><strong data-start=\"609\" data-end=\"632\">Modes d\u2019\u00e9clairage :<\/strong><\/p>\n<ul data-start=\"637\" data-end=\"708\">\n<li data-start=\"637\" data-end=\"663\">\n<p data-start=\"639\" data-end=\"663\">d\u00e9tecteur de mouvement<\/p>\n<\/li>\n<li data-start=\"666\" data-end=\"684\">\n<p data-start=\"668\" data-end=\"684\">semi-d\u00e9tecteur<\/p>\n<\/li>\n<li data-start=\"687\" data-end=\"708\">\n<p data-start=\"689\" data-end=\"708\">\u00e9clairage continu<\/p>\n<\/li>\n<\/ul>\n<\/li>\n<li data-start=\"709\" data-end=\"736\">\n<p data-start=\"711\" data-end=\"736\"><strong data-start=\"711\" data-end=\"725\">Minuteur :<\/strong> 3h et 5h<\/p>\n<\/li>\n<li data-start=\"737\" data-end=\"803\">\n<p data-start=\"739\" data-end=\"803\"><strong data-start=\"739\" data-end=\"755\">\u00c9tanch\u00e9it\u00e9 :<\/strong> IP65 (r\u00e9sistant \u00e0 la pluie et \u00e0 la poussi\u00e8re)<\/p>\n<\/li>\n<li data-start=\"804\" data-end=\"836\">\n<p data-start=\"806\" data-end=\"836\"><strong data-start=\"806\" data-end=\"820\">Fixation :<\/strong> mur ou poteau<\/p>\n<\/li>\n<li data-start=\"837\" data-end=\"870\">\n<p data-start=\"839\" data-end=\"870\"><strong data-start=\"839\" data-end=\"855\">Dimensions :<\/strong> 608 \u00d7 230 mm<\/p>\n<\/li>\n<li data-start=\"1248\" data-end=\"1288\">\n<p data-start=\"1250\" data-end=\"1288\"><strong data-start=\"1250\" data-end=\"1276\">Dur\u00e9e de vie estim\u00e9e :<\/strong> 5 \u00e0 7 ans<\/p>\n<\/li>\n<li data-start=\"1289\" data-end=\"1312\">\n<p data-start=\"1291\" data-end=\"1312\"><strong data-start=\"1291\" data-end=\"1305\">Garantie :<\/strong> 1 an<\/p>\n<\/li>\n<\/ul>\n<h3>Accessoires inclus :<\/h3>\n<ul data-start=\"1133\" data-end=\"1192\">\n<li data-start=\"1133\" data-end=\"1153\">\n<p data-start=\"1135\" data-end=\"1153\">Bras de fixation<\/p>\n<\/li>\n<li data-start=\"1154\" data-end=\"1175\">\n<p data-start=\"1156\" data-end=\"1175\">Visserie compl\u00e8te<\/p>\n<\/li>\n<li data-start=\"1176\" data-end=\"1192\">\n<p data-start=\"1178\" data-end=\"1192\">T\u00e9l\u00e9commande<\/p>\n<\/li>\n<\/ul>\n<p data-start=\"1194\" data-end=\"1216\">\u26a0\ufe0f <em data-start=\"1197\" data-end=\"1216\">Poteau non inclus<\/em><\/p>","protected":false},"excerpt":{"rendered":"<p>Lampadaire solaire 1500W \u2013 Tout-en-un Le lampadaire solaire 1500W tout-en-un offre un \u00e9clairage ext\u00e9rieur puissant, autonome et intelligent, sans aucun<\/p>","protected":false},"featured_media":10985,"comment_status":"open","ping_status":"closed","template":"","meta":[],"product_brand":[],"product_cat":[362],"product_tag":[],"class_list":{"0":"post-10888","1":"product","2":"type-product","3":"status-publish","4":"has-post-thumbnail","6":"product_cat-lampadaires-solaires","8":"first","9":"instock","10":"sale","11":"shipping-taxable","12":"purchasable","13":"product-type-simple"},"_links":{"self":[{"href":"https:\/\/nguewefing.com\/en\/wp-json\/wp\/v2\/product\/10888","targetHints":{"allow":["GET"]}}],"collection":[{"href":"https:\/\/nguewefing.com\/en\/wp-json\/wp\/v2\/product"}],"about":[{"href":"https:\/\/nguewefing.com\/en\/wp-json\/wp\/v2\/types\/product"}],"replies":[{"embeddable":true,"href":"https:\/\/nguewefing.com\/en\/wp-json\/wp\/v2\/comments?post=10888"}],"wp:featuredmedia":[{"embeddable":true,"href":"https:\/\/nguewefing.com\/en\/wp-json\/wp\/v2\/media\/10985"}],"wp:attachment":[{"href":"https:\/\/nguewefing.com\/en\/wp-json\/wp\/v2\/media?parent=10888"}],"wp:term":[{"taxonomy":"product_brand","embeddable":true,"href":"https:\/\/nguewefing.com\/en\/wp-json\/wp\/v2\/product_brand?post=10888"},{"taxonomy":"product_cat","embeddable":true,"href":"https:\/\/nguewefing.com\/en\/wp-json\/wp\/v2\/product_cat?post=10888"},{"taxonomy":"product_tag","embeddable":true,"href":"https:\/\/nguewefing.com\/en\/wp-json\/wp\/v2\/product_tag?post=10888"}],"curies":[{"name":"wp","href":"https:\/\/api.w.org\/{rel}","templated":true}]}}