{"id":10773,"date":"2025-07-31T07:53:05","date_gmt":"2025-07-31T07:53:05","guid":{"rendered":"https:\/\/nguewefing.com\/?post_type=product&#038;p=10773"},"modified":"2026-02-28T03:41:34","modified_gmt":"2026-02-28T03:41:34","slug":"projecteur-solaire-100w","status":"publish","type":"product","link":"https:\/\/nguewefing.com\/en\/product\/projecteur-solaire-100w\/","title":{"rendered":"Projecteur solaire 100W"},"content":{"rendered":"<h1 data-start=\"141\" data-end=\"167\">Projecteur solaire 100W<\/h1>\n<p data-start=\"169\" data-end=\"322\">Le <strong data-start=\"172\" data-end=\"199\">projecteur solaire 100W<\/strong> est une solution d\u2019\u00e9clairage <strong data-start=\"229\" data-end=\"267\">\u00e9conomique, autonome et r\u00e9sistante<\/strong>, parfaite pour illuminer vos espaces sans \u00e9lectricit\u00e9.<\/p>\n<h3 data-start=\"324\" data-end=\"347\">Caract\u00e9ristiques<\/h3>\n<ul data-start=\"348\" data-end=\"554\">\n<li data-start=\"348\" data-end=\"372\">\n<p data-start=\"350\" data-end=\"372\"><strong data-start=\"350\" data-end=\"365\">Puissance :<\/strong> 100W<\/p>\n<\/li>\n<li data-start=\"373\" data-end=\"419\">\n<p data-start=\"375\" data-end=\"419\"><strong data-start=\"375\" data-end=\"390\">Autonomie :<\/strong> 13 \u00e0 15 heures d\u2019\u00e9clairage<\/p>\n<\/li>\n<li data-start=\"420\" data-end=\"492\">\n<p data-start=\"422\" data-end=\"492\"><strong data-start=\"422\" data-end=\"438\">\u00c9tanch\u00e9it\u00e9 :<\/strong> imperm\u00e9able, r\u00e9sistant \u00e0 la pluie et \u00e0 la poussi\u00e8re<\/p>\n<\/li>\n<li data-start=\"493\" data-end=\"554\">\n<p data-start=\"495\" data-end=\"554\"><strong data-start=\"495\" data-end=\"515\">Fonctionnement :<\/strong> solaire, sans branchement \u00e9lectrique<\/p>\n<\/li>\n<li data-start=\"493\" data-end=\"554\">06 mois de <strong>garantie<\/strong><\/li>\n<li data-start=\"493\" data-end=\"554\"><strong data-start=\"632\" data-end=\"675\">Livraison, exp\u00e9dition et installation :<\/strong> \u00e0 la charge du client<\/li>\n<\/ul>\n<h3>Accessoires inclus :<\/h3>\n<ul data-start=\"1133\" data-end=\"1192\">\n<li data-start=\"1133\" data-end=\"1153\">\n<p data-start=\"1135\" data-end=\"1153\">Lampe<\/p>\n<\/li>\n<li data-start=\"1154\" data-end=\"1175\">\n<p data-start=\"1156\" data-end=\"1175\">Panneau solaire<\/p>\n<\/li>\n<li data-start=\"1176\" data-end=\"1192\">\n<p data-start=\"1178\" data-end=\"1192\">T\u00e9l\u00e9commande<\/p>\n<\/li>\n<\/ul>\n<h4 data-start=\"733\" data-end=\"749\">Id\u00e9al pour Cours, fa\u00e7ades, entr\u00e9es, boutiques, parkings et espaces ext\u00e9rieurs.<\/h4>","protected":false},"excerpt":{"rendered":"<p>Projecteur solaire 100W Le projecteur solaire 100W est une solution d\u2019\u00e9clairage \u00e9conomique, autonome et r\u00e9sistante, parfaite pour illuminer vos espaces<\/p>","protected":false},"featured_media":10991,"comment_status":"open","ping_status":"closed","template":"","meta":[],"product_brand":[],"product_cat":[357],"product_tag":[],"class_list":{"0":"post-10773","1":"product","2":"type-product","3":"status-publish","4":"has-post-thumbnail","6":"product_cat-projecteurs-solaires","8":"first","9":"instock","10":"sale","11":"shipping-taxable","12":"purchasable","13":"product-type-simple"},"_links":{"self":[{"href":"https:\/\/nguewefing.com\/en\/wp-json\/wp\/v2\/product\/10773","targetHints":{"allow":["GET"]}}],"collection":[{"href":"https:\/\/nguewefing.com\/en\/wp-json\/wp\/v2\/product"}],"about":[{"href":"https:\/\/nguewefing.com\/en\/wp-json\/wp\/v2\/types\/product"}],"replies":[{"embeddable":true,"href":"https:\/\/nguewefing.com\/en\/wp-json\/wp\/v2\/comments?post=10773"}],"wp:featuredmedia":[{"embeddable":true,"href":"https:\/\/nguewefing.com\/en\/wp-json\/wp\/v2\/media\/10991"}],"wp:attachment":[{"href":"https:\/\/nguewefing.com\/en\/wp-json\/wp\/v2\/media?parent=10773"}],"wp:term":[{"taxonomy":"product_brand","embeddable":true,"href":"https:\/\/nguewefing.com\/en\/wp-json\/wp\/v2\/product_brand?post=10773"},{"taxonomy":"product_cat","embeddable":true,"href":"https:\/\/nguewefing.com\/en\/wp-json\/wp\/v2\/product_cat?post=10773"},{"taxonomy":"product_tag","embeddable":true,"href":"https:\/\/nguewefing.com\/en\/wp-json\/wp\/v2\/product_tag?post=10773"}],"curies":[{"name":"wp","href":"https:\/\/api.w.org\/{rel}","templated":true}]}}