{"id":10742,"date":"2025-07-30T06:51:33","date_gmt":"2025-07-30T06:51:33","guid":{"rendered":"https:\/\/nguewefing.com\/?post_type=product&#038;p=10742"},"modified":"2026-02-28T04:06:41","modified_gmt":"2026-02-28T04:06:41","slug":"projecteur-solaire-1000w","status":"publish","type":"product","link":"https:\/\/nguewefing.com\/en\/product\/projecteur-solaire-1000w\/","title":{"rendered":"Projecteur solaire 1000W"},"content":{"rendered":"<h1 data-start=\"146\" data-end=\"173\">Projecteur solaire 1000W<\/h1>\n<p data-start=\"175\" data-end=\"338\">Le <strong data-start=\"178\" data-end=\"206\">projecteur solaire 1000W<\/strong> offre un \u00e9clairage <strong data-start=\"226\" data-end=\"267\">tr\u00e8s puissant, autonome et \u00e9conomique<\/strong>, id\u00e9al pour s\u00e9curiser et illuminer de grands espaces sans \u00e9lectricit\u00e9.<\/p>\n<h3 data-start=\"340\" data-end=\"363\">Caract\u00e9ristiques<\/h3>\n<ul data-start=\"364\" data-end=\"619\">\n<li data-start=\"364\" data-end=\"389\">\n<p data-start=\"366\" data-end=\"389\"><strong data-start=\"366\" data-end=\"381\">Puissance :<\/strong> 1000W<\/p>\n<\/li>\n<li data-start=\"390\" data-end=\"436\">\n<p data-start=\"392\" data-end=\"436\"><strong data-start=\"392\" data-end=\"407\">Autonomie :<\/strong> 13 \u00e0 15 heures d\u2019\u00e9clairage<\/p>\n<\/li>\n<li data-start=\"437\" data-end=\"495\">\n<p data-start=\"439\" data-end=\"495\"><strong data-start=\"439\" data-end=\"466\">Allumage \/ extinction :<\/strong> automatiques (nuit \/ jour)<\/p>\n<\/li>\n<li data-start=\"496\" data-end=\"568\">\n<p data-start=\"498\" data-end=\"568\"><strong data-start=\"498\" data-end=\"514\">\u00c9tanch\u00e9it\u00e9 :<\/strong> imperm\u00e9able, r\u00e9sistant \u00e0 la pluie et \u00e0 la poussi\u00e8re<\/p>\n<\/li>\n<li data-start=\"569\" data-end=\"619\">\n<p data-start=\"571\" data-end=\"619\"><strong data-start=\"571\" data-end=\"591\">Fonctionnement :<\/strong> solaire, sans branchement<\/p>\n<\/li>\n<li data-start=\"569\" data-end=\"619\">06 mois de garantie<\/li>\n<li data-start=\"569\" data-end=\"619\"><strong data-start=\"745\" data-end=\"788\">Livraison, exp\u00e9dition et installation :<\/strong> \u00e0 la charge du client<\/li>\n<\/ul>\n<h3>Accessoires inclus :<\/h3>\n<ul data-start=\"1133\" data-end=\"1192\">\n<li data-start=\"1133\" data-end=\"1153\">\n<p data-start=\"1135\" data-end=\"1153\">Lampe 1000W<\/p>\n<\/li>\n<li data-start=\"1154\" data-end=\"1175\">\n<p data-start=\"1156\" data-end=\"1175\">Panneau solaire<\/p>\n<\/li>\n<li data-start=\"1176\" data-end=\"1192\">\n<p data-start=\"1178\" data-end=\"1192\">T\u00e9l\u00e9commande<\/p>\n<\/li>\n<\/ul>\n<h4 data-start=\"928\" data-end=\"944\">Id\u00e9al pour cours, parkings, fa\u00e7ades, fermes, h\u00f4tels, snacks et grands espaces ext\u00e9rieurs.<\/h4>","protected":false},"excerpt":{"rendered":"<p>Projecteur solaire 1000W Le projecteur solaire 1000W offre un \u00e9clairage tr\u00e8s puissant, autonome et \u00e9conomique, id\u00e9al pour s\u00e9curiser et illuminer<\/p>","protected":false},"featured_media":10996,"comment_status":"open","ping_status":"closed","template":"","meta":[],"product_brand":[],"product_cat":[357],"product_tag":[],"class_list":{"0":"post-10742","1":"product","2":"type-product","3":"status-publish","4":"has-post-thumbnail","6":"product_cat-projecteurs-solaires","8":"first","9":"instock","10":"sale","11":"shipping-taxable","12":"purchasable","13":"product-type-simple"},"_links":{"self":[{"href":"https:\/\/nguewefing.com\/en\/wp-json\/wp\/v2\/product\/10742","targetHints":{"allow":["GET"]}}],"collection":[{"href":"https:\/\/nguewefing.com\/en\/wp-json\/wp\/v2\/product"}],"about":[{"href":"https:\/\/nguewefing.com\/en\/wp-json\/wp\/v2\/types\/product"}],"replies":[{"embeddable":true,"href":"https:\/\/nguewefing.com\/en\/wp-json\/wp\/v2\/comments?post=10742"}],"wp:featuredmedia":[{"embeddable":true,"href":"https:\/\/nguewefing.com\/en\/wp-json\/wp\/v2\/media\/10996"}],"wp:attachment":[{"href":"https:\/\/nguewefing.com\/en\/wp-json\/wp\/v2\/media?parent=10742"}],"wp:term":[{"taxonomy":"product_brand","embeddable":true,"href":"https:\/\/nguewefing.com\/en\/wp-json\/wp\/v2\/product_brand?post=10742"},{"taxonomy":"product_cat","embeddable":true,"href":"https:\/\/nguewefing.com\/en\/wp-json\/wp\/v2\/product_cat?post=10742"},{"taxonomy":"product_tag","embeddable":true,"href":"https:\/\/nguewefing.com\/en\/wp-json\/wp\/v2\/product_tag?post=10742"}],"curies":[{"name":"wp","href":"https:\/\/api.w.org\/{rel}","templated":true}]}}