{"id":10605,"date":"2025-07-26T03:32:19","date_gmt":"2025-07-26T03:32:19","guid":{"rendered":"https:\/\/nguewefing.com\/?post_type=product&#038;p=10605"},"modified":"2026-02-21T20:39:09","modified_gmt":"2026-02-21T20:39:09","slug":"batterier-solaire-12h-200ah","status":"publish","type":"product","link":"https:\/\/nguewefing.com\/en\/product\/batterier-solaire-12h-200ah\/","title":{"rendered":"Batt\u00e9rie solaire Gel 12V 200AH"},"content":{"rendered":"<p>Batterie \u00e0 d\u00e9charge lente, \u00e9tanche et sans entretien id\u00e9ale pour le stockage de l&rsquo;\u00e9nergie \u00e9olienne ou solaire avec une dur\u00e9e de vie d&rsquo;environ 1200 cycles. Offre une haute r\u00e9sistance \u00e0 la d\u00e9charge profonde.<\/p>","protected":false},"excerpt":{"rendered":"<p>Batterie \u00e0 d\u00e9charge lente, \u00e9tanche et sans entretien id\u00e9ale pour le stockage de l&rsquo;\u00e9nergie \u00e9olienne ou solaire avec une dur\u00e9e<\/p>","protected":false},"featured_media":10604,"comment_status":"open","ping_status":"closed","template":"","meta":[],"product_brand":[],"product_cat":[114,365],"product_tag":[],"class_list":{"0":"post-10605","1":"product","2":"type-product","3":"status-publish","4":"has-post-thumbnail","6":"product_cat-batteries-solaires","7":"product_cat-gel","9":"first","10":"instock","11":"sale","12":"featured","13":"shipping-taxable","14":"purchasable","15":"product-type-simple"},"_links":{"self":[{"href":"https:\/\/nguewefing.com\/en\/wp-json\/wp\/v2\/product\/10605","targetHints":{"allow":["GET"]}}],"collection":[{"href":"https:\/\/nguewefing.com\/en\/wp-json\/wp\/v2\/product"}],"about":[{"href":"https:\/\/nguewefing.com\/en\/wp-json\/wp\/v2\/types\/product"}],"replies":[{"embeddable":true,"href":"https:\/\/nguewefing.com\/en\/wp-json\/wp\/v2\/comments?post=10605"}],"wp:featuredmedia":[{"embeddable":true,"href":"https:\/\/nguewefing.com\/en\/wp-json\/wp\/v2\/media\/10604"}],"wp:attachment":[{"href":"https:\/\/nguewefing.com\/en\/wp-json\/wp\/v2\/media?parent=10605"}],"wp:term":[{"taxonomy":"product_brand","embeddable":true,"href":"https:\/\/nguewefing.com\/en\/wp-json\/wp\/v2\/product_brand?post=10605"},{"taxonomy":"product_cat","embeddable":true,"href":"https:\/\/nguewefing.com\/en\/wp-json\/wp\/v2\/product_cat?post=10605"},{"taxonomy":"product_tag","embeddable":true,"href":"https:\/\/nguewefing.com\/en\/wp-json\/wp\/v2\/product_tag?post=10605"}],"curies":[{"name":"wp","href":"https:\/\/api.w.org\/{rel}","templated":true}]}}