{"id":1039,"date":"2022-06-02T07:15:43","date_gmt":"2022-06-02T07:15:43","guid":{"rendered":"http:\/\/dummy.xtemos.com\/woodmart2\/megamarket\/?page_id=1039"},"modified":"2025-08-29T17:21:03","modified_gmt":"2025-08-29T17:21:03","slug":"expedition-et-livraison","status":"publish","type":"page","link":"https:\/\/nguewefing.com\/en\/expedition-et-livraison\/","title":{"rendered":"Exp\u00e9dition et livraison"},"content":{"rendered":"<div class=\"wpb-content-wrapper\"><div class=\"vc_row wpb_row vc_row-fluid vc_custom_1653046130458 wd-rs-62877b6cc709b\"><div class=\"wpb_column vc_column_container vc_col-sm-12 wd-rs-62739fbc25ff3\"><div class=\"vc_column-inner vc_custom_1651744709700\"><div class=\"wpb_wrapper\">\n\t\t<div id=\"wd-68a2ee5aa88c2\" class=\"title-wrapper wd-wpb wd-set-mb reset-last-child  wd-rs-68a2ee5aa88c2 wd-title-color-default wd-title-style-default text-left  wd-underline-colored\">\n\t\t\t\n\t\t\t<div class=\"liner-continer\">\n\t\t\t\t<h4 class=\"woodmart-title-container title  wd-font-weight-800 wd-fontsize-xxl\" >Information de Livraison<\/h4>\n\t\t\t\t\t\t\t<\/div>\n\t\t\t\n\t\t\t\n\t\t\t\n\t\t<\/div>\n\t\t\n\t\t\t\t<div id=\"wd-68a2e8edc0779\" class=\"wd-text-block wd-wpb reset-last-child wd-rs-68a2e8edc0779 text-left\">\n\t\t\t<p>Chez Ngu\u00e8 W\u00e8 F\u00edng, nous veillons \u00e0 ce que vos produits solaires vous parviennent rapidement et en toute s\u00e9curit\u00e9.<\/p>\n\t\t<\/div>\n\t\t<div class=\"vc_row wpb_row vc_inner vc_row-fluid\"><div class=\"wpb_column vc_column_container vc_col-sm-6\"><div class=\"vc_column-inner\"><div class=\"wpb_wrapper\">\n\t\t<div id=\"wd-68b1e0f90e34e\" class=\"title-wrapper wd-wpb wd-set-mb reset-last-child  wd-rs-68b1e0f90e34e wd-title-color-default wd-title-style-default text-left vc_custom_1756487946882 wd-underline-colored\">\n\t\t\t\n\t\t\t<div class=\"liner-continer\">\n\t\t\t\t<h4 class=\"woodmart-title-container title  wd-font-weight- wd-fontsize-xl\" >Zones de livraison<\/h4>\n\t\t\t\t\t\t\t<\/div>\n\t\t\t\n\t\t\t\n\t\t\t\n\t\t<\/div>\n\t\t\n\t\t\t\t<div id=\"wd-68a2e9e555c32\" class=\"wd-text-block wd-wpb reset-last-child wd-rs-68a2e9e555c32 text-left\">\n\t\t\t<p>Douala et Yaound\u00e9 : livraison disponible \u00e0 domicile.<\/p>\n<p>Autres villes du Cameroun : nous faisons uniquement des exp\u00e9ditions via des agences de transport partenaires (Finex, G\u00e9n\u00e9ral, Touristique, Overline, Danay, etc.).<\/p>\n\t\t<\/div>\n\t\t<\/div><\/div><\/div><div class=\"wpb_column vc_column_container vc_col-sm-6\"><div class=\"vc_column-inner\"><div class=\"wpb_wrapper\">\n\t\t<div id=\"wd-68b1e116babcc\" class=\"title-wrapper wd-wpb wd-set-mb reset-last-child  wd-rs-68b1e116babcc wd-title-color-default wd-title-style-default text-left vc_custom_1756487974312 wd-underline-colored\">\n\t\t\t\n\t\t\t<div class=\"liner-continer\">\n\t\t\t\t<h4 class=\"woodmart-title-container title  wd-font-weight- wd-fontsize-xl\" >D\u00e9lais de Livraison<\/h4>\n\t\t\t\t\t\t\t<\/div>\n\t\t\t\n\t\t\t\n\t\t\t\n\t\t<\/div>\n\t\t\n\t\t\t\t<div id=\"wd-68a2ea36d9280\" class=\"wd-text-block wd-wpb reset-last-child wd-rs-68a2ea36d9280 text-left\">\n\t\t\t<p>Douala et Yaound\u00e9 : 24 \u00e0 48 heures apr\u00e8s confirmation de la commande.<\/p>\n<p>Autres villes : 2 \u00e0 5 jours ouvr\u00e9s selon la destination et le transporteur choisi.<\/p>\n\t\t<\/div>\n\t\t<\/div><\/div><\/div><\/div><div class=\"vc_row wpb_row vc_inner vc_row-fluid\"><div class=\"wpb_column vc_column_container vc_col-sm-6\"><div class=\"vc_column-inner\"><div class=\"wpb_wrapper\">\n\t\t<div id=\"wd-68b1e138e7437\" class=\"title-wrapper wd-wpb wd-set-mb reset-last-child  wd-rs-68b1e138e7437 wd-title-color-default wd-title-style-default text-left vc_custom_1756488000165 wd-underline-colored\">\n\t\t\t\n\t\t\t<div class=\"liner-continer\">\n\t\t\t\t<h4 class=\"woodmart-title-container title  wd-font-weight- wd-fontsize-xl\" >Frais de Livraison<\/h4>\n\t\t\t\t\t\t\t<\/div>\n\t\t\t\n\t\t\t\n\t\t\t\n\t\t<\/div>\n\t\t\n\t\t\t\t<div id=\"wd-68a2ea72ad39d\" class=\"wd-text-block wd-wpb reset-last-child wd-rs-68a2ea72ad39d text-left\">\n\t\t\t<p>Douala et Yaound\u00e9 : \u00e0 partir de 1 000 FCFA en fonction du quartier (NB : ceci est le montant minimum et pas le montant fixe)<\/p>\n<p>Autres villes : les frais d\u2019exp\u00e9dition sont \u00e0 la charge du client et varient selon le transporteur et la quantit\u00e9.<\/p>\n\t\t<\/div>\n\t\t<\/div><\/div><\/div><div class=\"wpb_column vc_column_container vc_col-sm-6\"><div class=\"vc_column-inner\"><div class=\"wpb_wrapper\">\n\t\t<div id=\"wd-68b1e14b3fd2c\" class=\"title-wrapper wd-wpb wd-set-mb reset-last-child  wd-rs-68b1e14b3fd2c wd-title-color-default wd-title-style-default text-left vc_custom_1756488016748 wd-underline-colored\">\n\t\t\t\n\t\t\t<div class=\"liner-continer\">\n\t\t\t\t<h4 class=\"woodmart-title-container title  wd-font-weight- wd-fontsize-xl\" >Suivi de commande<\/h4>\n\t\t\t\t\t\t\t<\/div>\n\t\t\t\n\t\t\t\n\t\t\t\n\t\t<\/div>\n\t\t\n\t\t\t\t<div id=\"wd-68a2eae10b244\" class=\"wd-text-block wd-wpb reset-last-child wd-rs-68a2eae10b244 text-left\">\n\t\t\t<p>Apr\u00e8s validation de votre commande, vous recevez un message (SMS ou WhatsApp) contenant :<\/p>\n<p>Les d\u00e9tails de votre livraison ou exp\u00e9dition<\/p>\n<p>Les coordonn\u00e9es du livreur ou de l\u2019agence de transport choisie<\/p>\n\t\t<\/div>\n\t\t<\/div><\/div><\/div><\/div><div class=\"vc_row wpb_row vc_inner vc_row-fluid\"><div class=\"wpb_column vc_column_container vc_col-sm-6\"><div class=\"vc_column-inner\"><div class=\"wpb_wrapper\">\n\t\t<div id=\"wd-68b1e15cae5e2\" class=\"title-wrapper wd-wpb wd-set-mb reset-last-child  wd-rs-68b1e15cae5e2 wd-title-color-default wd-title-style-default text-left vc_custom_1756488035237 wd-underline-colored\">\n\t\t\t\n\t\t\t<div class=\"liner-continer\">\n\t\t\t\t<h4 class=\"woodmart-title-container title  wd-font-weight- wd-fontsize-xl\" >R\u00e9ception du colis<\/h4>\n\t\t\t\t\t\t\t<\/div>\n\t\t\t\n\t\t\t\n\t\t\t\n\t\t<\/div>\n\t\t\n\t\t\t\t<div id=\"wd-68a2eb507a004\" class=\"wd-text-block wd-wpb reset-last-child wd-rs-68a2eb507a004 text-left\">\n\t\t\t<p>\u00c0 Douala et Yaound\u00e9 : v\u00e9rifiez toujours l\u2019\u00e9tat de votre produit \u00e0 la livraison.<\/p>\n<p>Pour les exp\u00e9ditions : r\u00e9cup\u00e9rez votre colis en agence avec le num\u00e9ro bordereau d&rsquo;exp\u00e9dition que nous vous enverrons par WhatsApp ou par mail.<\/p>\n\t\t<\/div>\n\t\t<\/div><\/div><\/div><\/div><\/div><\/div><\/div><\/div><div class=\"vc_row wpb_row vc_row-fluid wd-rs-627904a7e9726\"><div class=\"wpb_column vc_column_container vc_col-sm-6 wd-rs-62612a944dd9a\"><div class=\"vc_column-inner vc_custom_1650535063529\"><div class=\"wpb_wrapper\">\n\t\t<div id=\"wd-68b1e16d493b7\" class=\"title-wrapper wd-wpb wd-set-mb reset-last-child  wd-rs-68b1e16d493b7 wd-title-color-default wd-title-style-default text-left vc_custom_1756488051310 wd-underline-colored\">\n\t\t\t\n\t\t\t<div class=\"liner-continer\">\n\t\t\t\t<h4 class=\"woodmart-title-container title  wd-font-weight- wd-fontsize-xl\" >Service Livraison &amp; Exp\u00e9dition<\/h4>\n\t\t\t\t\t\t\t<\/div>\n\t\t\t\n\t\t\t\n\t\t\t\n\t\t<\/div>\n\t\t\n\t\t\t\t<div id=\"wd-68a2ec22c2982\" class=\"wd-text-block wd-wpb reset-last-child wd-rs-68a2ec22c2982 text-left\">\n\t\t\t<p>Te: +237 682 799 768<\/p>\n<p>Email: info@nguewefing.com<\/p>\n\t\t<\/div>\n\t\t<\/div><\/div><\/div><\/div>\n<\/div>","protected":false},"excerpt":{"rendered":"Information de Livraison Chez Ngu\u00e8 W\u00e8 F\u00edng, nous veillons \u00e0 ce que vos produits solaires vous parviennent rapidement et en","protected":false},"author":1,"featured_media":0,"parent":0,"menu_order":0,"comment_status":"closed","ping_status":"closed","template":"","meta":{"footnotes":""},"class_list":["post-1039","page","type-page","status-publish","hentry"],"_links":{"self":[{"href":"https:\/\/nguewefing.com\/en\/wp-json\/wp\/v2\/pages\/1039","targetHints":{"allow":["GET"]}}],"collection":[{"href":"https:\/\/nguewefing.com\/en\/wp-json\/wp\/v2\/pages"}],"about":[{"href":"https:\/\/nguewefing.com\/en\/wp-json\/wp\/v2\/types\/page"}],"author":[{"embeddable":true,"href":"https:\/\/nguewefing.com\/en\/wp-json\/wp\/v2\/users\/1"}],"replies":[{"embeddable":true,"href":"https:\/\/nguewefing.com\/en\/wp-json\/wp\/v2\/comments?post=1039"}],"version-history":[{"count":8,"href":"https:\/\/nguewefing.com\/en\/wp-json\/wp\/v2\/pages\/1039\/revisions"}],"predecessor-version":[{"id":10937,"href":"https:\/\/nguewefing.com\/en\/wp-json\/wp\/v2\/pages\/1039\/revisions\/10937"}],"wp:attachment":[{"href":"https:\/\/nguewefing.com\/en\/wp-json\/wp\/v2\/media?parent=1039"}],"curies":[{"name":"wp","href":"https:\/\/api.w.org\/{rel}","templated":true}]}}